{"id":1379844,"date":"2023-01-26T18:29:05","date_gmt":"2023-01-26T17:29:05","guid":{"rendered":"https:\/\/www.alexandraalbertachiolo.com\/condiciones-de-venta\/"},"modified":"2023-01-26T18:29:06","modified_gmt":"2023-01-26T17:29:06","slug":"condiciones-de-venta","status":"publish","type":"page","link":"https:\/\/www.alexandraalbertachiolo.com\/es\/condiciones-de-venta\/","title":{"rendered":"Condiciones de venta"},"content":{"rendered":"\t\t<div data-elementor-type=\"wp-page\" data-elementor-id=\"1379844\" class=\"elementor elementor-1379844 elementor-3184\" data-elementor-post-type=\"page\">\n\t\t\t\t\t\t<section class=\"elementor-section elementor-top-section elementor-element elementor-element-4f96413a elementor-section-height-min-height elementor-section-items-top elementor-section-boxed elementor-section-height-default\" data-id=\"4f96413a\" data-element_type=\"section\">\n\t\t\t\t\t\t<div class=\"elementor-container elementor-column-gap-default\">\n\t\t\t\t\t<div class=\"elementor-column elementor-col-100 elementor-top-column elementor-element elementor-element-2cadeeed\" data-id=\"2cadeeed\" data-element_type=\"column\">\n\t\t\t<div class=\"elementor-widget-wrap elementor-element-populated\">\n\t\t\t\t\t\t<div class=\"elementor-element elementor-element-7516bd5 elementor-widget elementor-widget-heading\" data-id=\"7516bd5\" data-element_type=\"widget\" data-widget_type=\"heading.default\">\n\t\t\t\t<div class=\"elementor-widget-container\">\n\t\t\t<style>\/*! elementor - v3.20.0 - 10-04-2024 *\/\n.elementor-heading-title{padding:0;margin:0;line-height:1}.elementor-widget-heading .elementor-heading-title[class*=elementor-size-]>a{color:inherit;font-size:inherit;line-height:inherit}.elementor-widget-heading .elementor-heading-title.elementor-size-small{font-size:15px}.elementor-widget-heading .elementor-heading-title.elementor-size-medium{font-size:19px}.elementor-widget-heading .elementor-heading-title.elementor-size-large{font-size:29px}.elementor-widget-heading .elementor-heading-title.elementor-size-xl{font-size:39px}.elementor-widget-heading .elementor-heading-title.elementor-size-xxl{font-size:59px}<\/style><h1 class=\"elementor-heading-title elementor-size-default\">Condiciones de venta<\/h1>\t\t<\/div>\n\t\t\t\t<\/div>\n\t\t\t\t<div class=\"elementor-element elementor-element-47c0f140 elementor-widget elementor-widget-text-editor\" data-id=\"47c0f140\" data-element_type=\"widget\" data-widget_type=\"text-editor.default\">\n\t\t\t\t<div class=\"elementor-widget-container\">\n\t\t\t<style>\/*! elementor - v3.20.0 - 10-04-2024 *\/\n.elementor-widget-text-editor.elementor-drop-cap-view-stacked .elementor-drop-cap{background-color:#69727d;color:#fff}.elementor-widget-text-editor.elementor-drop-cap-view-framed .elementor-drop-cap{color:#69727d;border:3px solid;background-color:transparent}.elementor-widget-text-editor:not(.elementor-drop-cap-view-default) .elementor-drop-cap{margin-top:8px}.elementor-widget-text-editor:not(.elementor-drop-cap-view-default) .elementor-drop-cap-letter{width:1em;height:1em}.elementor-widget-text-editor .elementor-drop-cap{float:left;text-align:center;line-height:1;font-size:50px}.elementor-widget-text-editor .elementor-drop-cap-letter{display:inline-block}<\/style>\t\t\t\tAlexandra Alberta Chiolo s.p.a., con domicilio social en via E. Morosini, 22 \u2013 20135 Mil\u00e1n (MI) p.i. 06295140963, realiza actividades de dise\u00f1o de moda y prendas de vestir \u00fanicas.\r\n\r\n\u00a1www.alexandraalbertachiolo.com es la \u00fanica tienda online oficial donde puedes comprar productos de AAC y recibirlos directamente en tu casa!\r\n<p style=\"text-align: left;\"><strong><a href=\"https:\/\/www.alexandraalbertachiolo.com\/wp-content\/uploads\/Condizioni_vendita_it.pdf\" target=\"_blank\" rel=\"noopener noreferrer\">Descargar el pdf condiciones de venta<\/a><\/strong><\/p>\r\n<p style=\"text-align: left;\"><strong><a href=\"https:\/\/www.alexandraalbertachiolo.com\/privacy-policy\/\">Ver nuestra pol\u00edtica de privacidad<\/a><\/strong><\/p>\t\t\t\t\t\t<\/div>\n\t\t\t\t<\/div>\n\t\t\t\t\t<\/div>\n\t\t<\/div>\n\t\t\t\t\t<\/div>\n\t\t<\/section>\n\t\t\t\t<\/div>\n\t\t","protected":false},"excerpt":{"rendered":"<p>Condiciones de venta Alexandra Alberta Chiolo s.p.a., con domicilio social en via E. Morosini, 22 \u2013 20135 Mil\u00e1n (MI) p.i. 06295140963, realiza actividades de dise\u00f1o de moda y prendas de vestir \u00fanicas. \u00a1www.alexandraalbertachiolo.com es la \u00fanica tienda online oficial donde puedes comprar productos de AAC y recibirlos directamente en tu casa! Descargar el pdf condiciones [&hellip;]<\/p>\n","protected":false},"author":2,"featured_media":0,"parent":0,"menu_order":7,"comment_status":"closed","ping_status":"closed","template":"","meta":{"_acf_changed":false,"footnotes":""},"acf":[],"yoast_head":"<!-- This site is optimized with the Yoast SEO plugin v22.4 - https:\/\/yoast.com\/wordpress\/plugins\/seo\/ -->\n<title>Condiciones de venta - Alexandra Alberta Chiolo. Made of Happiness.<\/title>\n<meta name=\"robots\" content=\"index, follow, max-snippet:-1, max-image-preview:large, max-video-preview:-1\" \/>\n<link rel=\"canonical\" href=\"https:\/\/www.alexandraalbertachiolo.com\/condizioni-di-vendita\/\" \/>\n<meta property=\"og:locale\" content=\"es_ES\" \/>\n<meta property=\"og:type\" content=\"article\" \/>\n<meta property=\"og:title\" content=\"Condiciones de venta - Alexandra Alberta Chiolo. Made of Happiness.\" \/>\n<meta property=\"og:description\" content=\"Condiciones de venta Alexandra Alberta Chiolo s.p.a., con domicilio social en via E. Morosini, 22 \u2013 20135 Mil\u00e1n (MI) p.i. 06295140963, realiza actividades de dise\u00f1o de moda y prendas de vestir \u00fanicas. \u00a1www.alexandraalbertachiolo.com es la \u00fanica tienda online oficial donde puedes comprar productos de AAC y recibirlos directamente en tu casa! Descargar el pdf condiciones [&hellip;]\" \/>\n<meta property=\"og:url\" content=\"https:\/\/www.alexandraalbertachiolo.com\/condizioni-di-vendita\/\" \/>\n<meta property=\"og:site_name\" content=\"Alexandra Alberta Chiolo. Made of Happiness.\" \/>\n<meta property=\"article:publisher\" content=\"https:\/\/www.facebook.com\/AlexandraAlbertaChiolo\" \/>\n<meta property=\"article:modified_time\" content=\"2023-01-26T17:29:06+00:00\" \/>\n<meta name=\"twitter:card\" content=\"summary_large_image\" \/>\n<meta name=\"twitter:site\" content=\"@AAChioloWorld\" \/>\n<script type=\"application\/ld+json\" class=\"yoast-schema-graph\">{\"@context\":\"https:\/\/schema.org\",\"@graph\":[{\"@type\":\"WebPage\",\"@id\":\"https:\/\/www.alexandraalbertachiolo.com\/condizioni-di-vendita\/\",\"url\":\"https:\/\/www.alexandraalbertachiolo.com\/condizioni-di-vendita\/\",\"name\":\"Condiciones de venta - Alexandra Alberta Chiolo. Made of Happiness.\",\"isPartOf\":{\"@id\":\"https:\/\/www.alexandraalbertachiolo.com\/#website\"},\"datePublished\":\"2023-01-26T17:29:05+00:00\",\"dateModified\":\"2023-01-26T17:29:06+00:00\",\"breadcrumb\":{\"@id\":\"https:\/\/www.alexandraalbertachiolo.com\/condizioni-di-vendita\/#breadcrumb\"},\"inLanguage\":\"es\",\"potentialAction\":[{\"@type\":\"ReadAction\",\"target\":[\"https:\/\/www.alexandraalbertachiolo.com\/condizioni-di-vendita\/\"]}]},{\"@type\":\"BreadcrumbList\",\"@id\":\"https:\/\/www.alexandraalbertachiolo.com\/condizioni-di-vendita\/#breadcrumb\",\"itemListElement\":[{\"@type\":\"ListItem\",\"position\":1,\"name\":\"Home\",\"item\":\"https:\/\/www.alexandraalbertachiolo.com\/\"},{\"@type\":\"ListItem\",\"position\":2,\"name\":\"Condiciones de venta\"}]},{\"@type\":\"WebSite\",\"@id\":\"https:\/\/www.alexandraalbertachiolo.com\/#website\",\"url\":\"https:\/\/www.alexandraalbertachiolo.com\/\",\"name\":\"Alexandra Alberta Chiolo. Made of Happiness.\",\"description\":\"Borse, zainetti, portafogli e accessori fatti di colore e pura felicit\u00e0.\",\"publisher\":{\"@id\":\"https:\/\/www.alexandraalbertachiolo.com\/#organization\"},\"potentialAction\":[{\"@type\":\"SearchAction\",\"target\":{\"@type\":\"EntryPoint\",\"urlTemplate\":\"https:\/\/www.alexandraalbertachiolo.com\/?s={search_term_string}\"},\"query-input\":\"required name=search_term_string\"}],\"inLanguage\":\"es\"},{\"@type\":\"Organization\",\"@id\":\"https:\/\/www.alexandraalbertachiolo.com\/#organization\",\"name\":\"Alexandra Alberta Chiolo S.P.A.\",\"url\":\"https:\/\/www.alexandraalbertachiolo.com\/\",\"logo\":{\"@type\":\"ImageObject\",\"inLanguage\":\"es\",\"@id\":\"https:\/\/www.alexandraalbertachiolo.com\/#\/schema\/logo\/image\/\",\"url\":\"https:\/\/www.alexandraalbertachiolo.com\/wp-content\/uploads\/2018\/04\/collezione-bag.jpg\",\"contentUrl\":\"https:\/\/www.alexandraalbertachiolo.com\/wp-content\/uploads\/2018\/04\/collezione-bag.jpg\",\"width\":800,\"height\":800,\"caption\":\"Alexandra Alberta Chiolo S.P.A.\"},\"image\":{\"@id\":\"https:\/\/www.alexandraalbertachiolo.com\/#\/schema\/logo\/image\/\"},\"sameAs\":[\"https:\/\/www.facebook.com\/AlexandraAlbertaChiolo\",\"https:\/\/twitter.com\/AAChioloWorld\",\"https:\/\/www.instagram.com\/aachiolo\/\",\"https:\/\/www.youtube.com\/channel\/UCxHG5OVkKXlIQ6lUt51jOCA\"]}]}<\/script>\n<!-- \/ Yoast SEO plugin. -->","yoast_head_json":{"title":"Condiciones de venta - Alexandra Alberta Chiolo. Made of Happiness.","robots":{"index":"index","follow":"follow","max-snippet":"max-snippet:-1","max-image-preview":"max-image-preview:large","max-video-preview":"max-video-preview:-1"},"canonical":"https:\/\/www.alexandraalbertachiolo.com\/condizioni-di-vendita\/","og_locale":"es_ES","og_type":"article","og_title":"Condiciones de venta - Alexandra Alberta Chiolo. Made of Happiness.","og_description":"Condiciones de venta Alexandra Alberta Chiolo s.p.a., con domicilio social en via E. Morosini, 22 \u2013 20135 Mil\u00e1n (MI) p.i. 06295140963, realiza actividades de dise\u00f1o de moda y prendas de vestir \u00fanicas. \u00a1www.alexandraalbertachiolo.com es la \u00fanica tienda online oficial donde puedes comprar productos de AAC y recibirlos directamente en tu casa! Descargar el pdf condiciones [&hellip;]","og_url":"https:\/\/www.alexandraalbertachiolo.com\/condizioni-di-vendita\/","og_site_name":"Alexandra Alberta Chiolo. Made of Happiness.","article_publisher":"https:\/\/www.facebook.com\/AlexandraAlbertaChiolo","article_modified_time":"2023-01-26T17:29:06+00:00","twitter_card":"summary_large_image","twitter_site":"@AAChioloWorld","schema":{"@context":"https:\/\/schema.org","@graph":[{"@type":"WebPage","@id":"https:\/\/www.alexandraalbertachiolo.com\/condizioni-di-vendita\/","url":"https:\/\/www.alexandraalbertachiolo.com\/condizioni-di-vendita\/","name":"Condiciones de venta - Alexandra Alberta Chiolo. Made of Happiness.","isPartOf":{"@id":"https:\/\/www.alexandraalbertachiolo.com\/#website"},"datePublished":"2023-01-26T17:29:05+00:00","dateModified":"2023-01-26T17:29:06+00:00","breadcrumb":{"@id":"https:\/\/www.alexandraalbertachiolo.com\/condizioni-di-vendita\/#breadcrumb"},"inLanguage":"es","potentialAction":[{"@type":"ReadAction","target":["https:\/\/www.alexandraalbertachiolo.com\/condizioni-di-vendita\/"]}]},{"@type":"BreadcrumbList","@id":"https:\/\/www.alexandraalbertachiolo.com\/condizioni-di-vendita\/#breadcrumb","itemListElement":[{"@type":"ListItem","position":1,"name":"Home","item":"https:\/\/www.alexandraalbertachiolo.com\/"},{"@type":"ListItem","position":2,"name":"Condiciones de venta"}]},{"@type":"WebSite","@id":"https:\/\/www.alexandraalbertachiolo.com\/#website","url":"https:\/\/www.alexandraalbertachiolo.com\/","name":"Alexandra Alberta Chiolo. Made of Happiness.","description":"Borse, zainetti, portafogli e accessori fatti di colore e pura felicit\u00e0.","publisher":{"@id":"https:\/\/www.alexandraalbertachiolo.com\/#organization"},"potentialAction":[{"@type":"SearchAction","target":{"@type":"EntryPoint","urlTemplate":"https:\/\/www.alexandraalbertachiolo.com\/?s={search_term_string}"},"query-input":"required name=search_term_string"}],"inLanguage":"es"},{"@type":"Organization","@id":"https:\/\/www.alexandraalbertachiolo.com\/#organization","name":"Alexandra Alberta Chiolo S.P.A.","url":"https:\/\/www.alexandraalbertachiolo.com\/","logo":{"@type":"ImageObject","inLanguage":"es","@id":"https:\/\/www.alexandraalbertachiolo.com\/#\/schema\/logo\/image\/","url":"https:\/\/www.alexandraalbertachiolo.com\/wp-content\/uploads\/2018\/04\/collezione-bag.jpg","contentUrl":"https:\/\/www.alexandraalbertachiolo.com\/wp-content\/uploads\/2018\/04\/collezione-bag.jpg","width":800,"height":800,"caption":"Alexandra Alberta Chiolo S.P.A."},"image":{"@id":"https:\/\/www.alexandraalbertachiolo.com\/#\/schema\/logo\/image\/"},"sameAs":["https:\/\/www.facebook.com\/AlexandraAlbertaChiolo","https:\/\/twitter.com\/AAChioloWorld","https:\/\/www.instagram.com\/aachiolo\/","https:\/\/www.youtube.com\/channel\/UCxHG5OVkKXlIQ6lUt51jOCA"]}]}},"_links":{"self":[{"href":"https:\/\/www.alexandraalbertachiolo.com\/es\/wp-json\/wp\/v2\/pages\/1379844"}],"collection":[{"href":"https:\/\/www.alexandraalbertachiolo.com\/es\/wp-json\/wp\/v2\/pages"}],"about":[{"href":"https:\/\/www.alexandraalbertachiolo.com\/es\/wp-json\/wp\/v2\/types\/page"}],"author":[{"embeddable":true,"href":"https:\/\/www.alexandraalbertachiolo.com\/es\/wp-json\/wp\/v2\/users\/2"}],"replies":[{"embeddable":true,"href":"https:\/\/www.alexandraalbertachiolo.com\/es\/wp-json\/wp\/v2\/comments?post=1379844"}],"version-history":[{"count":0,"href":"https:\/\/www.alexandraalbertachiolo.com\/es\/wp-json\/wp\/v2\/pages\/1379844\/revisions"}],"wp:attachment":[{"href":"https:\/\/www.alexandraalbertachiolo.com\/es\/wp-json\/wp\/v2\/media?parent=1379844"}],"curies":[{"name":"wp","href":"https:\/\/api.w.org\/{rel}","templated":true}]}}