{"id":1379848,"date":"2023-01-26T18:39:34","date_gmt":"2023-01-26T17:39:34","guid":{"rendered":"https:\/\/www.alexandraalbertachiolo.com\/condiciones-generales-de-la-promocion\/"},"modified":"2023-01-26T18:39:34","modified_gmt":"2023-01-26T17:39:34","slug":"condiciones-generales-de-la-promocion","status":"publish","type":"page","link":"https:\/\/www.alexandraalbertachiolo.com\/es\/condiciones-generales-de-la-promocion\/","title":{"rendered":"Condiciones generales de la promoci\u00f3n"},"content":{"rendered":"\t\t<div data-elementor-type=\"wp-page\" data-elementor-id=\"1379848\" class=\"elementor elementor-1379848 elementor-3197\" data-elementor-post-type=\"page\">\n\t\t\t\t\t\t<section class=\"elementor-section elementor-top-section elementor-element elementor-element-21689fcd elementor-section-height-min-height elementor-section-items-top elementor-section-boxed elementor-section-height-default\" data-id=\"21689fcd\" data-element_type=\"section\">\n\t\t\t\t\t\t<div class=\"elementor-container elementor-column-gap-default\">\n\t\t\t\t\t<div class=\"elementor-column elementor-col-100 elementor-top-column elementor-element elementor-element-78fbf2e2\" data-id=\"78fbf2e2\" data-element_type=\"column\">\n\t\t\t<div class=\"elementor-widget-wrap elementor-element-populated\">\n\t\t\t\t\t\t<div class=\"elementor-element elementor-element-891cad2 elementor-widget elementor-widget-heading\" data-id=\"891cad2\" data-element_type=\"widget\" data-widget_type=\"heading.default\">\n\t\t\t\t<div class=\"elementor-widget-container\">\n\t\t\t<style>\/*! elementor - v3.20.0 - 10-04-2024 *\/\n.elementor-heading-title{padding:0;margin:0;line-height:1}.elementor-widget-heading .elementor-heading-title[class*=elementor-size-]>a{color:inherit;font-size:inherit;line-height:inherit}.elementor-widget-heading .elementor-heading-title.elementor-size-small{font-size:15px}.elementor-widget-heading .elementor-heading-title.elementor-size-medium{font-size:19px}.elementor-widget-heading .elementor-heading-title.elementor-size-large{font-size:29px}.elementor-widget-heading .elementor-heading-title.elementor-size-xl{font-size:39px}.elementor-widget-heading .elementor-heading-title.elementor-size-xxl{font-size:59px}<\/style><h1 class=\"elementor-heading-title elementor-size-default\">Condiciones generales de la promoci\u00f3n<\/h1>\t\t<\/div>\n\t\t\t\t<\/div>\n\t\t\t\t<div class=\"elementor-element elementor-element-3a723791 elementor-widget elementor-widget-text-editor\" data-id=\"3a723791\" data-element_type=\"widget\" data-widget_type=\"text-editor.default\">\n\t\t\t\t<div class=\"elementor-widget-container\">\n\t\t\t<style>\/*! elementor - v3.20.0 - 10-04-2024 *\/\n.elementor-widget-text-editor.elementor-drop-cap-view-stacked .elementor-drop-cap{background-color:#69727d;color:#fff}.elementor-widget-text-editor.elementor-drop-cap-view-framed .elementor-drop-cap{color:#69727d;border:3px solid;background-color:transparent}.elementor-widget-text-editor:not(.elementor-drop-cap-view-default) .elementor-drop-cap{margin-top:8px}.elementor-widget-text-editor:not(.elementor-drop-cap-view-default) .elementor-drop-cap-letter{width:1em;height:1em}.elementor-widget-text-editor .elementor-drop-cap{float:left;text-align:center;line-height:1;font-size:50px}.elementor-widget-text-editor .elementor-drop-cap-letter{display:inline-block}<\/style>\t\t\t\tAAC puede lanzar promociones (incluidas, entre otras, ofertas promocionales, obsequios, sorteos, concursos u otras formas de promoci\u00f3n, o una combinaci\u00f3n de todas estas formas anteriores). Se informar\u00e1 a los usuarios sobre las distintas formas de promoci\u00f3n (descripci\u00f3n de la promoci\u00f3n e ilustraci\u00f3n de todos los detalles correspondientes) a trav\u00e9s de las p\u00e1ginas web en las que est\u00e1 presente AAC (a t\u00edtulo enunciativo pero no limitativo: web www.alexandraalbertachiolo.com, redes sociales, etc.).\r\nEl organizador de la promoci\u00f3n es siempre AAC.\r\nLa participaci\u00f3n en la promoci\u00f3n est\u00e1 sujeta a las normas contenidas en las Condiciones Generales de Venta que el usuario puede consultar y descargarse accediendo al sitio web www.alexandraalbertachiolo.com.\r\n<span style=\"color: var( --e-global-color-d2f5b2f ); font-family: var( --e-global-typography-primary-font-family ), Sans-serif; font-size: 1.5rem; font-weight: var( --e-global-typography-primary-font-weight );\">\r\nDURACI\u00d3N DE LAS PROMOCIONES<\/span>\r\n\r\nEl periodo de tiempo durante el cual se desarrollar\u00e1 cada promoci\u00f3n (duraci\u00f3n de la promoci\u00f3n) se especificar\u00e1 en el sitio web www.alexandraalbertachiolo.com y en las p\u00e1ginas web donde tenga presencia AAC. Todas las promociones finalizar\u00e1n autom\u00e1ticamente al final del per\u00edodo de promoci\u00f3n correspondiente; en ese momento, ya no ser\u00e1 posible seguir participando en dicha promoci\u00f3n.\r\n<h4><span style=\"color: var( --e-global-color-d2f5b2f ); font-family: var( --e-global-typography-primary-font-family ), Sans-serif; font-size: 1.5rem; font-weight: var( --e-global-typography-primary-font-weight );\">\r\nPARTICIPACI\u00d3N EN LAS PROMOCIONES<\/span><\/h4>\r\nSalvo que se especifique lo contrario en la comunicaci\u00f3n, la promoci\u00f3n est\u00e1 destinada \u00fanicamente al destinatario o categor\u00eda de destinatarios a los que va dirigida y no puede ser transferida. Si el usuario no es el destinatario o no entra en la categor\u00eda de destinatarios a los que va dirigida la comunicaci\u00f3n, la oferta quedar\u00e1 sin efecto.\r\nLa participaci\u00f3n en las promociones es opcional. El usuario tiene la posibilidad de rechazar la participaci\u00f3n en la promoci\u00f3n simplemente ignorando o no aceptando (cuando sea posible) el aviso promocional correspondiente.\r\nPara participar en una promoci\u00f3n, el usuario debe seguir las instrucciones indicadas en la comunicaci\u00f3n de la promoci\u00f3n correspondiente, en la p\u00e1gina web de inicio de la promoci\u00f3n individual y, si corresponde, en los T\u00e9rminos de participaci\u00f3n promocionales espec\u00edficos aplicables.\r\nA menos que se indique lo contrario, solo se puede acceder a las promociones una vez.\r\n<h4>DEVOLUCI\u00d3N DE OFERTAS EN PROMOCI\u00d3N<\/h4>\r\nLos art\u00edculos objeto de la Promoci\u00f3n est\u00e1n sujetos a la disciplina a que se refiere el art. 10 de las Condiciones Generales de Venta.\r\nEl art\u00edculo 9 de las Condiciones Generales de Venta no es aplicable a los art\u00edculos cubiertos por las Promociones y ofrecidos de forma gratuita.\t\t\t\t\t\t<\/div>\n\t\t\t\t<\/div>\n\t\t\t\t\t<\/div>\n\t\t<\/div>\n\t\t\t\t\t<\/div>\n\t\t<\/section>\n\t\t\t\t<\/div>\n\t\t","protected":false},"excerpt":{"rendered":"<p>Condiciones generales de la promoci\u00f3n AAC puede lanzar promociones (incluidas, entre otras, ofertas promocionales, obsequios, sorteos, concursos u otras formas de promoci\u00f3n, o una combinaci\u00f3n de todas estas formas anteriores). Se informar\u00e1 a los usuarios sobre las distintas formas de promoci\u00f3n (descripci\u00f3n de la promoci\u00f3n e ilustraci\u00f3n de todos los detalles correspondientes) a trav\u00e9s de [&hellip;]<\/p>\n","protected":false},"author":2,"featured_media":0,"parent":0,"menu_order":9,"comment_status":"closed","ping_status":"closed","template":"","meta":{"_acf_changed":false,"footnotes":""},"acf":[],"yoast_head":"<!-- This site is optimized with the Yoast SEO plugin v22.4 - https:\/\/yoast.com\/wordpress\/plugins\/seo\/ -->\n<title>Condiciones generales de la promoci\u00f3n - Alexandra Alberta Chiolo. Made of Happiness.<\/title>\n<meta name=\"robots\" content=\"index, follow, max-snippet:-1, max-image-preview:large, max-video-preview:-1\" \/>\n<link rel=\"canonical\" href=\"https:\/\/www.alexandraalbertachiolo.com\/condizioni-generali-promozioni\/\" \/>\n<meta property=\"og:locale\" content=\"es_ES\" \/>\n<meta property=\"og:type\" content=\"article\" \/>\n<meta property=\"og:title\" content=\"Condiciones generales de la promoci\u00f3n - Alexandra Alberta Chiolo. Made of Happiness.\" \/>\n<meta property=\"og:description\" content=\"Condiciones generales de la promoci\u00f3n AAC puede lanzar promociones (incluidas, entre otras, ofertas promocionales, obsequios, sorteos, concursos u otras formas de promoci\u00f3n, o una combinaci\u00f3n de todas estas formas anteriores). Se informar\u00e1 a los usuarios sobre las distintas formas de promoci\u00f3n (descripci\u00f3n de la promoci\u00f3n e ilustraci\u00f3n de todos los detalles correspondientes) a trav\u00e9s de [&hellip;]\" \/>\n<meta property=\"og:url\" content=\"https:\/\/www.alexandraalbertachiolo.com\/condizioni-generali-promozioni\/\" \/>\n<meta property=\"og:site_name\" content=\"Alexandra Alberta Chiolo. Made of Happiness.\" \/>\n<meta property=\"article:publisher\" content=\"https:\/\/www.facebook.com\/AlexandraAlbertaChiolo\" \/>\n<meta name=\"twitter:card\" content=\"summary_large_image\" \/>\n<meta name=\"twitter:site\" content=\"@AAChioloWorld\" \/>\n<meta name=\"twitter:label1\" content=\"Tiempo de lectura\" \/>\n\t<meta name=\"twitter:data1\" content=\"2 minutos\" \/>\n<script type=\"application\/ld+json\" class=\"yoast-schema-graph\">{\"@context\":\"https:\/\/schema.org\",\"@graph\":[{\"@type\":\"WebPage\",\"@id\":\"https:\/\/www.alexandraalbertachiolo.com\/condizioni-generali-promozioni\/\",\"url\":\"https:\/\/www.alexandraalbertachiolo.com\/condizioni-generali-promozioni\/\",\"name\":\"Condiciones generales de la promoci\u00f3n - Alexandra Alberta Chiolo. Made of Happiness.\",\"isPartOf\":{\"@id\":\"https:\/\/www.alexandraalbertachiolo.com\/#website\"},\"datePublished\":\"2023-01-26T17:39:34+00:00\",\"dateModified\":\"2023-01-26T17:39:34+00:00\",\"breadcrumb\":{\"@id\":\"https:\/\/www.alexandraalbertachiolo.com\/condizioni-generali-promozioni\/#breadcrumb\"},\"inLanguage\":\"es\",\"potentialAction\":[{\"@type\":\"ReadAction\",\"target\":[\"https:\/\/www.alexandraalbertachiolo.com\/condizioni-generali-promozioni\/\"]}]},{\"@type\":\"BreadcrumbList\",\"@id\":\"https:\/\/www.alexandraalbertachiolo.com\/condizioni-generali-promozioni\/#breadcrumb\",\"itemListElement\":[{\"@type\":\"ListItem\",\"position\":1,\"name\":\"Home\",\"item\":\"https:\/\/www.alexandraalbertachiolo.com\/\"},{\"@type\":\"ListItem\",\"position\":2,\"name\":\"Condiciones generales de la promoci\u00f3n\"}]},{\"@type\":\"WebSite\",\"@id\":\"https:\/\/www.alexandraalbertachiolo.com\/#website\",\"url\":\"https:\/\/www.alexandraalbertachiolo.com\/\",\"name\":\"Alexandra Alberta Chiolo. Made of Happiness.\",\"description\":\"Borse, zainetti, portafogli e accessori fatti di colore e pura felicit\u00e0.\",\"publisher\":{\"@id\":\"https:\/\/www.alexandraalbertachiolo.com\/#organization\"},\"potentialAction\":[{\"@type\":\"SearchAction\",\"target\":{\"@type\":\"EntryPoint\",\"urlTemplate\":\"https:\/\/www.alexandraalbertachiolo.com\/?s={search_term_string}\"},\"query-input\":\"required name=search_term_string\"}],\"inLanguage\":\"es\"},{\"@type\":\"Organization\",\"@id\":\"https:\/\/www.alexandraalbertachiolo.com\/#organization\",\"name\":\"Alexandra Alberta Chiolo S.P.A.\",\"url\":\"https:\/\/www.alexandraalbertachiolo.com\/\",\"logo\":{\"@type\":\"ImageObject\",\"inLanguage\":\"es\",\"@id\":\"https:\/\/www.alexandraalbertachiolo.com\/#\/schema\/logo\/image\/\",\"url\":\"https:\/\/www.alexandraalbertachiolo.com\/wp-content\/uploads\/2018\/04\/collezione-bag.jpg\",\"contentUrl\":\"https:\/\/www.alexandraalbertachiolo.com\/wp-content\/uploads\/2018\/04\/collezione-bag.jpg\",\"width\":800,\"height\":800,\"caption\":\"Alexandra Alberta Chiolo S.P.A.\"},\"image\":{\"@id\":\"https:\/\/www.alexandraalbertachiolo.com\/#\/schema\/logo\/image\/\"},\"sameAs\":[\"https:\/\/www.facebook.com\/AlexandraAlbertaChiolo\",\"https:\/\/twitter.com\/AAChioloWorld\",\"https:\/\/www.instagram.com\/aachiolo\/\",\"https:\/\/www.youtube.com\/channel\/UCxHG5OVkKXlIQ6lUt51jOCA\"]}]}<\/script>\n<!-- \/ Yoast SEO plugin. -->","yoast_head_json":{"title":"Condiciones generales de la promoci\u00f3n - Alexandra Alberta Chiolo. Made of Happiness.","robots":{"index":"index","follow":"follow","max-snippet":"max-snippet:-1","max-image-preview":"max-image-preview:large","max-video-preview":"max-video-preview:-1"},"canonical":"https:\/\/www.alexandraalbertachiolo.com\/condizioni-generali-promozioni\/","og_locale":"es_ES","og_type":"article","og_title":"Condiciones generales de la promoci\u00f3n - Alexandra Alberta Chiolo. Made of Happiness.","og_description":"Condiciones generales de la promoci\u00f3n AAC puede lanzar promociones (incluidas, entre otras, ofertas promocionales, obsequios, sorteos, concursos u otras formas de promoci\u00f3n, o una combinaci\u00f3n de todas estas formas anteriores). Se informar\u00e1 a los usuarios sobre las distintas formas de promoci\u00f3n (descripci\u00f3n de la promoci\u00f3n e ilustraci\u00f3n de todos los detalles correspondientes) a trav\u00e9s de [&hellip;]","og_url":"https:\/\/www.alexandraalbertachiolo.com\/condizioni-generali-promozioni\/","og_site_name":"Alexandra Alberta Chiolo. Made of Happiness.","article_publisher":"https:\/\/www.facebook.com\/AlexandraAlbertaChiolo","twitter_card":"summary_large_image","twitter_site":"@AAChioloWorld","twitter_misc":{"Tiempo de lectura":"2 minutos"},"schema":{"@context":"https:\/\/schema.org","@graph":[{"@type":"WebPage","@id":"https:\/\/www.alexandraalbertachiolo.com\/condizioni-generali-promozioni\/","url":"https:\/\/www.alexandraalbertachiolo.com\/condizioni-generali-promozioni\/","name":"Condiciones generales de la promoci\u00f3n - Alexandra Alberta Chiolo. Made of Happiness.","isPartOf":{"@id":"https:\/\/www.alexandraalbertachiolo.com\/#website"},"datePublished":"2023-01-26T17:39:34+00:00","dateModified":"2023-01-26T17:39:34+00:00","breadcrumb":{"@id":"https:\/\/www.alexandraalbertachiolo.com\/condizioni-generali-promozioni\/#breadcrumb"},"inLanguage":"es","potentialAction":[{"@type":"ReadAction","target":["https:\/\/www.alexandraalbertachiolo.com\/condizioni-generali-promozioni\/"]}]},{"@type":"BreadcrumbList","@id":"https:\/\/www.alexandraalbertachiolo.com\/condizioni-generali-promozioni\/#breadcrumb","itemListElement":[{"@type":"ListItem","position":1,"name":"Home","item":"https:\/\/www.alexandraalbertachiolo.com\/"},{"@type":"ListItem","position":2,"name":"Condiciones generales de la promoci\u00f3n"}]},{"@type":"WebSite","@id":"https:\/\/www.alexandraalbertachiolo.com\/#website","url":"https:\/\/www.alexandraalbertachiolo.com\/","name":"Alexandra Alberta Chiolo. Made of Happiness.","description":"Borse, zainetti, portafogli e accessori fatti di colore e pura felicit\u00e0.","publisher":{"@id":"https:\/\/www.alexandraalbertachiolo.com\/#organization"},"potentialAction":[{"@type":"SearchAction","target":{"@type":"EntryPoint","urlTemplate":"https:\/\/www.alexandraalbertachiolo.com\/?s={search_term_string}"},"query-input":"required name=search_term_string"}],"inLanguage":"es"},{"@type":"Organization","@id":"https:\/\/www.alexandraalbertachiolo.com\/#organization","name":"Alexandra Alberta Chiolo S.P.A.","url":"https:\/\/www.alexandraalbertachiolo.com\/","logo":{"@type":"ImageObject","inLanguage":"es","@id":"https:\/\/www.alexandraalbertachiolo.com\/#\/schema\/logo\/image\/","url":"https:\/\/www.alexandraalbertachiolo.com\/wp-content\/uploads\/2018\/04\/collezione-bag.jpg","contentUrl":"https:\/\/www.alexandraalbertachiolo.com\/wp-content\/uploads\/2018\/04\/collezione-bag.jpg","width":800,"height":800,"caption":"Alexandra Alberta Chiolo S.P.A."},"image":{"@id":"https:\/\/www.alexandraalbertachiolo.com\/#\/schema\/logo\/image\/"},"sameAs":["https:\/\/www.facebook.com\/AlexandraAlbertaChiolo","https:\/\/twitter.com\/AAChioloWorld","https:\/\/www.instagram.com\/aachiolo\/","https:\/\/www.youtube.com\/channel\/UCxHG5OVkKXlIQ6lUt51jOCA"]}]}},"_links":{"self":[{"href":"https:\/\/www.alexandraalbertachiolo.com\/es\/wp-json\/wp\/v2\/pages\/1379848"}],"collection":[{"href":"https:\/\/www.alexandraalbertachiolo.com\/es\/wp-json\/wp\/v2\/pages"}],"about":[{"href":"https:\/\/www.alexandraalbertachiolo.com\/es\/wp-json\/wp\/v2\/types\/page"}],"author":[{"embeddable":true,"href":"https:\/\/www.alexandraalbertachiolo.com\/es\/wp-json\/wp\/v2\/users\/2"}],"replies":[{"embeddable":true,"href":"https:\/\/www.alexandraalbertachiolo.com\/es\/wp-json\/wp\/v2\/comments?post=1379848"}],"version-history":[{"count":0,"href":"https:\/\/www.alexandraalbertachiolo.com\/es\/wp-json\/wp\/v2\/pages\/1379848\/revisions"}],"wp:attachment":[{"href":"https:\/\/www.alexandraalbertachiolo.com\/es\/wp-json\/wp\/v2\/media?parent=1379848"}],"curies":[{"name":"wp","href":"https:\/\/api.w.org\/{rel}","templated":true}]}}