{"id":1379850,"date":"2023-01-26T18:42:14","date_gmt":"2023-01-26T17:42:14","guid":{"rendered":"https:\/\/www.alexandraalbertachiolo.com\/condiciones-pedido-anticipado\/"},"modified":"2023-01-26T18:42:14","modified_gmt":"2023-01-26T17:42:14","slug":"condiciones-pedido-anticipado","status":"publish","type":"page","link":"https:\/\/www.alexandraalbertachiolo.com\/es\/condiciones-pedido-anticipado\/","title":{"rendered":"Condiciones pedido anticipado"},"content":{"rendered":"\t\t<div data-elementor-type=\"wp-page\" data-elementor-id=\"1379850\" class=\"elementor elementor-1379850 elementor-3195\" data-elementor-post-type=\"page\">\n\t\t\t\t\t\t<section class=\"elementor-section elementor-top-section elementor-element elementor-element-4fc41bf9 elementor-section-height-min-height elementor-section-items-top elementor-section-boxed elementor-section-height-default\" data-id=\"4fc41bf9\" data-element_type=\"section\">\n\t\t\t\t\t\t<div class=\"elementor-container elementor-column-gap-default\">\n\t\t\t\t\t<div class=\"elementor-column elementor-col-100 elementor-top-column elementor-element elementor-element-5713b2ba\" data-id=\"5713b2ba\" data-element_type=\"column\">\n\t\t\t<div class=\"elementor-widget-wrap elementor-element-populated\">\n\t\t\t\t\t\t<div class=\"elementor-element elementor-element-9e7cfdf elementor-widget elementor-widget-heading\" data-id=\"9e7cfdf\" data-element_type=\"widget\" data-widget_type=\"heading.default\">\n\t\t\t\t<div class=\"elementor-widget-container\">\n\t\t\t<style>\/*! elementor - v3.20.0 - 10-04-2024 *\/\n.elementor-heading-title{padding:0;margin:0;line-height:1}.elementor-widget-heading .elementor-heading-title[class*=elementor-size-]>a{color:inherit;font-size:inherit;line-height:inherit}.elementor-widget-heading .elementor-heading-title.elementor-size-small{font-size:15px}.elementor-widget-heading .elementor-heading-title.elementor-size-medium{font-size:19px}.elementor-widget-heading .elementor-heading-title.elementor-size-large{font-size:29px}.elementor-widget-heading .elementor-heading-title.elementor-size-xl{font-size:39px}.elementor-widget-heading .elementor-heading-title.elementor-size-xxl{font-size:59px}<\/style><h1 class=\"elementor-heading-title elementor-size-default\">Condiciones pedido anticipado<\/h1>\t\t<\/div>\n\t\t\t\t<\/div>\n\t\t\t\t<div class=\"elementor-element elementor-element-22820ea2 elementor-widget elementor-widget-text-editor\" data-id=\"22820ea2\" data-element_type=\"widget\" data-widget_type=\"text-editor.default\">\n\t\t\t\t<div class=\"elementor-widget-container\">\n\t\t\t<style>\/*! elementor - v3.20.0 - 10-04-2024 *\/\n.elementor-widget-text-editor.elementor-drop-cap-view-stacked .elementor-drop-cap{background-color:#69727d;color:#fff}.elementor-widget-text-editor.elementor-drop-cap-view-framed .elementor-drop-cap{color:#69727d;border:3px solid;background-color:transparent}.elementor-widget-text-editor:not(.elementor-drop-cap-view-default) .elementor-drop-cap{margin-top:8px}.elementor-widget-text-editor:not(.elementor-drop-cap-view-default) .elementor-drop-cap-letter{width:1em;height:1em}.elementor-widget-text-editor .elementor-drop-cap{float:left;text-align:center;line-height:1;font-size:50px}.elementor-widget-text-editor .elementor-drop-cap-letter{display:inline-block}<\/style>\t\t\t\tEl pedido anticipado es un servicio de alexandraalbertachiolo.com que te permite pedir uno de nuestros productos antes de la fecha oficial de lanzamiento de la venta. Los pedidos anticipados est\u00e1n sujetos a las siguientes condiciones:\r\n<ul>\r\n \t<li>Entrega: nuestro objetivo es poder enviar productos pedidos anticipadamente en la fecha de lanzamiento oficial, siempre que hayamos recibido y procesado tu pago. Los plazos de entrega est\u00e1ndar (entre 2 y 7 d\u00edas) se aplican desde el momento en que el producto pedido por anticipado se env\u00eda desde nuestro almac\u00e9n. Como se indica en la ventana emergente de la p\u00e1gina web, las entregas comenzar\u00e1n a partir del 2 de abril de 2015. Para pedidos recibidos despu\u00e9s del 3 de agosto, las entregas se realizar\u00e1n despu\u00e9s del 19 de agosto.<\/li>\r\n \t<li>Pago:\u00a0Te ofrecemos tres m\u00e9todos de pago:\r\n<ul>\r\n \t<li>Tarjeta de cr\u00e9dito: Visa, Mastercard, Maestro<\/li>\r\n \t<li>PayPal<\/li>\r\n \t<li>Transferencia bancaria<\/li>\r\n<\/ul>\r\nEn caso de realizar el pedido mediante transferencia bancaria, los art\u00edculos quedar\u00e1n reservados durante un plazo de 5 d\u00edas laborables, con el fin de dejarte tiempo para que puedas realizar tu pago con total tranquilidad. <strong>Te recordamos que es muy importante que indiques el importe exacto de tu pedido, el c\u00f3digo Iban del beneficiario y, como concepto de la transferencia, el n\u00famero de pedido que te enviamos por e-mail.<\/strong> No podemos procesar tu pedido hasta que recibamos tu pago.<\/li>\r\n \t<li>Env\u00edo:\u00a0los productos pedidos por adelantado se env\u00edan por separado, por lo tanto, no se env\u00edan junto con ning\u00fan otro producto pedido en nuestro sitio. Si realizas un pedido anticipado y un pedido normal a la vez, el estado de tu pedido en l\u00ednea y los correos electr\u00f3nicos de confirmaci\u00f3n de env\u00edo tambi\u00e9n incluir\u00e1n el pedido anticipado.<\/li>\r\n<\/ul>\r\n<strong>En caso de que desees recibirlo todo en un \u00fanico env\u00edo, comun\u00edcalo a nuestro Servicio de Atenci\u00f3n al Cliente en la direcci\u00f3n <a href=\"mailto:servizioclienti@alexandraalbertachiolo.com\">servizioclienti@alexandraalbertachiolo.com<\/a>.<\/strong>\r\n\r\nLa compra por pedido anticipado tambi\u00e9n est\u00e1 sujeta a nuestros T\u00e9rminos y condiciones generales de venta.\t\t\t\t\t\t<\/div>\n\t\t\t\t<\/div>\n\t\t\t\t\t<\/div>\n\t\t<\/div>\n\t\t\t\t\t<\/div>\n\t\t<\/section>\n\t\t\t\t<\/div>\n\t\t","protected":false},"excerpt":{"rendered":"<p>Condiciones pedido anticipado El pedido anticipado es un servicio de alexandraalbertachiolo.com que te permite pedir uno de nuestros productos antes de la fecha oficial de lanzamiento de la venta. Los pedidos anticipados est\u00e1n sujetos a las siguientes condiciones: Entrega: nuestro objetivo es poder enviar productos pedidos anticipadamente en la fecha de lanzamiento oficial, siempre que [&hellip;]<\/p>\n","protected":false},"author":2,"featured_media":0,"parent":0,"menu_order":8,"comment_status":"closed","ping_status":"closed","template":"","meta":{"_acf_changed":false,"footnotes":""},"acf":[],"yoast_head":"<!-- This site is optimized with the Yoast SEO plugin v22.4 - https:\/\/yoast.com\/wordpress\/plugins\/seo\/ -->\n<title>Condiciones pedido anticipado - Alexandra Alberta Chiolo. Made of Happiness.<\/title>\n<meta name=\"robots\" content=\"index, follow, max-snippet:-1, max-image-preview:large, max-video-preview:-1\" \/>\n<link rel=\"canonical\" href=\"https:\/\/www.alexandraalbertachiolo.com\/condizioni-pre-ordine\/\" \/>\n<meta property=\"og:locale\" content=\"es_ES\" \/>\n<meta property=\"og:type\" content=\"article\" \/>\n<meta property=\"og:title\" content=\"Condiciones pedido anticipado - Alexandra Alberta Chiolo. Made of Happiness.\" \/>\n<meta property=\"og:description\" content=\"Condiciones pedido anticipado El pedido anticipado es un servicio de alexandraalbertachiolo.com que te permite pedir uno de nuestros productos antes de la fecha oficial de lanzamiento de la venta. Los pedidos anticipados est\u00e1n sujetos a las siguientes condiciones: Entrega: nuestro objetivo es poder enviar productos pedidos anticipadamente en la fecha de lanzamiento oficial, siempre que [&hellip;]\" \/>\n<meta property=\"og:url\" content=\"https:\/\/www.alexandraalbertachiolo.com\/condizioni-pre-ordine\/\" \/>\n<meta property=\"og:site_name\" content=\"Alexandra Alberta Chiolo. Made of Happiness.\" \/>\n<meta property=\"article:publisher\" content=\"https:\/\/www.facebook.com\/AlexandraAlbertaChiolo\" \/>\n<meta name=\"twitter:card\" content=\"summary_large_image\" \/>\n<meta name=\"twitter:site\" content=\"@AAChioloWorld\" \/>\n<meta name=\"twitter:label1\" content=\"Tiempo de lectura\" \/>\n\t<meta name=\"twitter:data1\" content=\"2 minutos\" \/>\n<script type=\"application\/ld+json\" class=\"yoast-schema-graph\">{\"@context\":\"https:\/\/schema.org\",\"@graph\":[{\"@type\":\"WebPage\",\"@id\":\"https:\/\/www.alexandraalbertachiolo.com\/condizioni-pre-ordine\/\",\"url\":\"https:\/\/www.alexandraalbertachiolo.com\/condizioni-pre-ordine\/\",\"name\":\"Condiciones pedido anticipado - Alexandra Alberta Chiolo. Made of Happiness.\",\"isPartOf\":{\"@id\":\"https:\/\/www.alexandraalbertachiolo.com\/#website\"},\"datePublished\":\"2023-01-26T17:42:14+00:00\",\"dateModified\":\"2023-01-26T17:42:14+00:00\",\"breadcrumb\":{\"@id\":\"https:\/\/www.alexandraalbertachiolo.com\/condizioni-pre-ordine\/#breadcrumb\"},\"inLanguage\":\"es\",\"potentialAction\":[{\"@type\":\"ReadAction\",\"target\":[\"https:\/\/www.alexandraalbertachiolo.com\/condizioni-pre-ordine\/\"]}]},{\"@type\":\"BreadcrumbList\",\"@id\":\"https:\/\/www.alexandraalbertachiolo.com\/condizioni-pre-ordine\/#breadcrumb\",\"itemListElement\":[{\"@type\":\"ListItem\",\"position\":1,\"name\":\"Home\",\"item\":\"https:\/\/www.alexandraalbertachiolo.com\/\"},{\"@type\":\"ListItem\",\"position\":2,\"name\":\"Condiciones pedido anticipado\"}]},{\"@type\":\"WebSite\",\"@id\":\"https:\/\/www.alexandraalbertachiolo.com\/#website\",\"url\":\"https:\/\/www.alexandraalbertachiolo.com\/\",\"name\":\"Alexandra Alberta Chiolo. Made of Happiness.\",\"description\":\"Borse, zainetti, portafogli e accessori fatti di colore e pura felicit\u00e0.\",\"publisher\":{\"@id\":\"https:\/\/www.alexandraalbertachiolo.com\/#organization\"},\"potentialAction\":[{\"@type\":\"SearchAction\",\"target\":{\"@type\":\"EntryPoint\",\"urlTemplate\":\"https:\/\/www.alexandraalbertachiolo.com\/?s={search_term_string}\"},\"query-input\":\"required name=search_term_string\"}],\"inLanguage\":\"es\"},{\"@type\":\"Organization\",\"@id\":\"https:\/\/www.alexandraalbertachiolo.com\/#organization\",\"name\":\"Alexandra Alberta Chiolo S.P.A.\",\"url\":\"https:\/\/www.alexandraalbertachiolo.com\/\",\"logo\":{\"@type\":\"ImageObject\",\"inLanguage\":\"es\",\"@id\":\"https:\/\/www.alexandraalbertachiolo.com\/#\/schema\/logo\/image\/\",\"url\":\"https:\/\/www.alexandraalbertachiolo.com\/wp-content\/uploads\/2018\/04\/collezione-bag.jpg\",\"contentUrl\":\"https:\/\/www.alexandraalbertachiolo.com\/wp-content\/uploads\/2018\/04\/collezione-bag.jpg\",\"width\":800,\"height\":800,\"caption\":\"Alexandra Alberta Chiolo S.P.A.\"},\"image\":{\"@id\":\"https:\/\/www.alexandraalbertachiolo.com\/#\/schema\/logo\/image\/\"},\"sameAs\":[\"https:\/\/www.facebook.com\/AlexandraAlbertaChiolo\",\"https:\/\/twitter.com\/AAChioloWorld\",\"https:\/\/www.instagram.com\/aachiolo\/\",\"https:\/\/www.youtube.com\/channel\/UCxHG5OVkKXlIQ6lUt51jOCA\"]}]}<\/script>\n<!-- \/ Yoast SEO plugin. -->","yoast_head_json":{"title":"Condiciones pedido anticipado - Alexandra Alberta Chiolo. Made of Happiness.","robots":{"index":"index","follow":"follow","max-snippet":"max-snippet:-1","max-image-preview":"max-image-preview:large","max-video-preview":"max-video-preview:-1"},"canonical":"https:\/\/www.alexandraalbertachiolo.com\/condizioni-pre-ordine\/","og_locale":"es_ES","og_type":"article","og_title":"Condiciones pedido anticipado - Alexandra Alberta Chiolo. Made of Happiness.","og_description":"Condiciones pedido anticipado El pedido anticipado es un servicio de alexandraalbertachiolo.com que te permite pedir uno de nuestros productos antes de la fecha oficial de lanzamiento de la venta. Los pedidos anticipados est\u00e1n sujetos a las siguientes condiciones: Entrega: nuestro objetivo es poder enviar productos pedidos anticipadamente en la fecha de lanzamiento oficial, siempre que [&hellip;]","og_url":"https:\/\/www.alexandraalbertachiolo.com\/condizioni-pre-ordine\/","og_site_name":"Alexandra Alberta Chiolo. Made of Happiness.","article_publisher":"https:\/\/www.facebook.com\/AlexandraAlbertaChiolo","twitter_card":"summary_large_image","twitter_site":"@AAChioloWorld","twitter_misc":{"Tiempo de lectura":"2 minutos"},"schema":{"@context":"https:\/\/schema.org","@graph":[{"@type":"WebPage","@id":"https:\/\/www.alexandraalbertachiolo.com\/condizioni-pre-ordine\/","url":"https:\/\/www.alexandraalbertachiolo.com\/condizioni-pre-ordine\/","name":"Condiciones pedido anticipado - Alexandra Alberta Chiolo. Made of Happiness.","isPartOf":{"@id":"https:\/\/www.alexandraalbertachiolo.com\/#website"},"datePublished":"2023-01-26T17:42:14+00:00","dateModified":"2023-01-26T17:42:14+00:00","breadcrumb":{"@id":"https:\/\/www.alexandraalbertachiolo.com\/condizioni-pre-ordine\/#breadcrumb"},"inLanguage":"es","potentialAction":[{"@type":"ReadAction","target":["https:\/\/www.alexandraalbertachiolo.com\/condizioni-pre-ordine\/"]}]},{"@type":"BreadcrumbList","@id":"https:\/\/www.alexandraalbertachiolo.com\/condizioni-pre-ordine\/#breadcrumb","itemListElement":[{"@type":"ListItem","position":1,"name":"Home","item":"https:\/\/www.alexandraalbertachiolo.com\/"},{"@type":"ListItem","position":2,"name":"Condiciones pedido anticipado"}]},{"@type":"WebSite","@id":"https:\/\/www.alexandraalbertachiolo.com\/#website","url":"https:\/\/www.alexandraalbertachiolo.com\/","name":"Alexandra Alberta Chiolo. Made of Happiness.","description":"Borse, zainetti, portafogli e accessori fatti di colore e pura felicit\u00e0.","publisher":{"@id":"https:\/\/www.alexandraalbertachiolo.com\/#organization"},"potentialAction":[{"@type":"SearchAction","target":{"@type":"EntryPoint","urlTemplate":"https:\/\/www.alexandraalbertachiolo.com\/?s={search_term_string}"},"query-input":"required name=search_term_string"}],"inLanguage":"es"},{"@type":"Organization","@id":"https:\/\/www.alexandraalbertachiolo.com\/#organization","name":"Alexandra Alberta Chiolo S.P.A.","url":"https:\/\/www.alexandraalbertachiolo.com\/","logo":{"@type":"ImageObject","inLanguage":"es","@id":"https:\/\/www.alexandraalbertachiolo.com\/#\/schema\/logo\/image\/","url":"https:\/\/www.alexandraalbertachiolo.com\/wp-content\/uploads\/2018\/04\/collezione-bag.jpg","contentUrl":"https:\/\/www.alexandraalbertachiolo.com\/wp-content\/uploads\/2018\/04\/collezione-bag.jpg","width":800,"height":800,"caption":"Alexandra Alberta Chiolo S.P.A."},"image":{"@id":"https:\/\/www.alexandraalbertachiolo.com\/#\/schema\/logo\/image\/"},"sameAs":["https:\/\/www.facebook.com\/AlexandraAlbertaChiolo","https:\/\/twitter.com\/AAChioloWorld","https:\/\/www.instagram.com\/aachiolo\/","https:\/\/www.youtube.com\/channel\/UCxHG5OVkKXlIQ6lUt51jOCA"]}]}},"_links":{"self":[{"href":"https:\/\/www.alexandraalbertachiolo.com\/es\/wp-json\/wp\/v2\/pages\/1379850"}],"collection":[{"href":"https:\/\/www.alexandraalbertachiolo.com\/es\/wp-json\/wp\/v2\/pages"}],"about":[{"href":"https:\/\/www.alexandraalbertachiolo.com\/es\/wp-json\/wp\/v2\/types\/page"}],"author":[{"embeddable":true,"href":"https:\/\/www.alexandraalbertachiolo.com\/es\/wp-json\/wp\/v2\/users\/2"}],"replies":[{"embeddable":true,"href":"https:\/\/www.alexandraalbertachiolo.com\/es\/wp-json\/wp\/v2\/comments?post=1379850"}],"version-history":[{"count":0,"href":"https:\/\/www.alexandraalbertachiolo.com\/es\/wp-json\/wp\/v2\/pages\/1379850\/revisions"}],"wp:attachment":[{"href":"https:\/\/www.alexandraalbertachiolo.com\/es\/wp-json\/wp\/v2\/media?parent=1379850"}],"curies":[{"name":"wp","href":"https:\/\/api.w.org\/{rel}","templated":true}]}}