{"id":1380457,"date":"2023-05-30T12:56:28","date_gmt":"2023-05-30T10:56:28","guid":{"rendered":"https:\/\/www.alexandraalbertachiolo.com\/?post_type=product&#038;p=1380457"},"modified":"2023-11-23T15:16:16","modified_gmt":"2023-11-23T14:16:16","slug":"olivia-bag-s","status":"publish","type":"product","link":"https:\/\/www.alexandraalbertachiolo.com\/es\/producto\/olivia-bag-s\/","title":{"rendered":"Olivia Bag S"},"content":{"rendered":"","protected":false},"excerpt":{"rendered":"<p><span class=\"HwtZe\" lang=\"es\"><span class=\"jCAhz ChMk0b\"><span class=\"ryNqvb\">\u00a1M\u00e1s compacto y a\u00fan m\u00e1s colorido!<\/span><\/span> <span class=\"jCAhz ChMk0b\"><span class=\"ryNqvb\">Los perfiles geom\u00e9tricos del bolso Olivia S se realzan con combinaciones de colores brillantes y contempor\u00e1neas.<\/span><\/span> <span class=\"jCAhz ChMk0b\"><span class=\"ryNqvb\">El mini bolso de Alexandra Alberta Chiolo es impermeable, 100% Made in Italy y est\u00e1 confeccionado en Lycra acolchada con asas de tejido engomado y una c\u00f3moda correa para el hombro.<\/span><\/span> <span class=\"jCAhz ChMk0b\"><span class=\"ryNqvb\">\u00a1Elige tu favorito!<\/span><\/span><\/span><\/p>\n<p><span class=\"jCAhz ChMk0b\"><span class=\"ryNqvb\"><strong>El bolso Olivia S<\/strong> es un producto exclusivo online en el modelo S, m\u00e1s peque\u00f1o que su versi\u00f3n m\u00e1s grande, el bolso Olivia L, a la venta en tiendas.<\/span><\/span><\/p>\n","protected":false},"featured_media":1380473,"template":"","meta":{"_acf_changed":false},"product_cat":[502],"product_tag":[],"acf":[],"yoast_head":"<!-- This site is optimized with the Yoast SEO plugin v22.4 - https:\/\/yoast.com\/wordpress\/plugins\/seo\/ -->\n<title>Olivia Bag S - Alexandra Alberta Chiolo. Made of Happiness.<\/title>\n<meta name=\"description\" content=\"Dale un toque urban chic a tus looks con la textura mate de la serie Matt. El Bolso Alexandra Alberta Chiolo est\u00e1 fabricado en Lycra acolchada impermeable, pesa solo 420 gramos y, gracias a las asas reforzadas en tejido engomado y al fondo reforzado, es s\u00faper resistente. \u00a1Elige el color de tu bolso!\" \/>\n<meta name=\"robots\" content=\"index, follow, max-snippet:-1, max-image-preview:large, max-video-preview:-1\" \/>\n<link rel=\"canonical\" href=\"https:\/\/www.alexandraalbertachiolo.com\/es\/producto\/olivia-bag-s\/\" \/>\n<meta property=\"og:locale\" content=\"es_ES\" \/>\n<meta property=\"og:type\" content=\"article\" \/>\n<meta property=\"og:title\" content=\"Olivia Bag S - Alexandra Alberta Chiolo. Made of Happiness.\" \/>\n<meta property=\"og:description\" content=\"Dale un toque urban chic a tus looks con la textura mate de la serie Matt. El Bolso Alexandra Alberta Chiolo est\u00e1 fabricado en Lycra acolchada impermeable, pesa solo 420 gramos y, gracias a las asas reforzadas en tejido engomado y al fondo reforzado, es s\u00faper resistente. \u00a1Elige el color de tu bolso!\" \/>\n<meta property=\"og:url\" content=\"https:\/\/www.alexandraalbertachiolo.com\/es\/producto\/olivia-bag-s\/\" \/>\n<meta property=\"og:site_name\" content=\"Alexandra Alberta Chiolo. Made of Happiness.\" \/>\n<meta property=\"article:publisher\" content=\"https:\/\/www.facebook.com\/AlexandraAlbertaChiolo\" \/>\n<meta property=\"article:modified_time\" content=\"2023-11-23T14:16:16+00:00\" \/>\n<meta property=\"og:image\" content=\"https:\/\/www.alexandraalbertachiolo.com\/wp-content\/uploads\/AAC-OliviaM-Matt-TaigaChartreuse.jpg\" \/>\n\t<meta property=\"og:image:width\" content=\"1024\" \/>\n\t<meta property=\"og:image:height\" content=\"1024\" \/>\n\t<meta property=\"og:image:type\" content=\"image\/jpeg\" \/>\n<meta name=\"twitter:card\" content=\"summary_large_image\" \/>\n<meta name=\"twitter:site\" content=\"@AAChioloWorld\" \/>\n<script type=\"application\/ld+json\" class=\"yoast-schema-graph\">{\"@context\":\"https:\/\/schema.org\",\"@graph\":[{\"@type\":\"WebPage\",\"@id\":\"https:\/\/www.alexandraalbertachiolo.com\/es\/producto\/olivia-bag-s\/\",\"url\":\"https:\/\/www.alexandraalbertachiolo.com\/es\/producto\/olivia-bag-s\/\",\"name\":\"Olivia Bag S - Alexandra Alberta Chiolo. Made of Happiness.\",\"isPartOf\":{\"@id\":\"https:\/\/www.alexandraalbertachiolo.com\/#website\"},\"primaryImageOfPage\":{\"@id\":\"https:\/\/www.alexandraalbertachiolo.com\/es\/producto\/olivia-bag-s\/#primaryimage\"},\"image\":{\"@id\":\"https:\/\/www.alexandraalbertachiolo.com\/es\/producto\/olivia-bag-s\/#primaryimage\"},\"thumbnailUrl\":\"https:\/\/www.alexandraalbertachiolo.com\/wp-content\/uploads\/20230529-AAC-OliviaS-Matt-ConchigliaAnguriaLaguna-1.jpg\",\"datePublished\":\"2023-05-30T10:56:28+00:00\",\"dateModified\":\"2023-11-23T14:16:16+00:00\",\"description\":\"Dale un toque urban chic a tus looks con la textura mate de la serie Matt. El Bolso Alexandra Alberta Chiolo est\u00e1 fabricado en Lycra acolchada impermeable, pesa solo 420 gramos y, gracias a las asas reforzadas en tejido engomado y al fondo reforzado, es s\u00faper resistente. \u00a1Elige el color de tu bolso!\",\"breadcrumb\":{\"@id\":\"https:\/\/www.alexandraalbertachiolo.com\/es\/producto\/olivia-bag-s\/#breadcrumb\"},\"inLanguage\":\"es\",\"potentialAction\":[{\"@type\":\"ReadAction\",\"target\":[\"https:\/\/www.alexandraalbertachiolo.com\/es\/producto\/olivia-bag-s\/\"]}]},{\"@type\":\"ImageObject\",\"inLanguage\":\"es\",\"@id\":\"https:\/\/www.alexandraalbertachiolo.com\/es\/producto\/olivia-bag-s\/#primaryimage\",\"url\":\"https:\/\/www.alexandraalbertachiolo.com\/wp-content\/uploads\/20230529-AAC-OliviaS-Matt-ConchigliaAnguriaLaguna-1.jpg\",\"contentUrl\":\"https:\/\/www.alexandraalbertachiolo.com\/wp-content\/uploads\/20230529-AAC-OliviaS-Matt-ConchigliaAnguriaLaguna-1.jpg\",\"width\":1024,\"height\":1024},{\"@type\":\"BreadcrumbList\",\"@id\":\"https:\/\/www.alexandraalbertachiolo.com\/es\/producto\/olivia-bag-s\/#breadcrumb\",\"itemListElement\":[{\"@type\":\"ListItem\",\"position\":1,\"name\":\"Home\",\"item\":\"https:\/\/www.alexandraalbertachiolo.com\/\"},{\"@type\":\"ListItem\",\"position\":2,\"name\":\"Prodotti\",\"item\":\"https:\/\/www.alexandraalbertachiolo.com\/modelli\/\"},{\"@type\":\"ListItem\",\"position\":3,\"name\":\"Olivia Bag (Copia)\"}]},{\"@type\":\"WebSite\",\"@id\":\"https:\/\/www.alexandraalbertachiolo.com\/#website\",\"url\":\"https:\/\/www.alexandraalbertachiolo.com\/\",\"name\":\"Alexandra Alberta Chiolo. Made of Happiness.\",\"description\":\"Borse, zainetti, portafogli e accessori fatti di colore e pura felicit\u00e0.\",\"publisher\":{\"@id\":\"https:\/\/www.alexandraalbertachiolo.com\/#organization\"},\"potentialAction\":[{\"@type\":\"SearchAction\",\"target\":{\"@type\":\"EntryPoint\",\"urlTemplate\":\"https:\/\/www.alexandraalbertachiolo.com\/?s={search_term_string}\"},\"query-input\":\"required name=search_term_string\"}],\"inLanguage\":\"es\"},{\"@type\":\"Organization\",\"@id\":\"https:\/\/www.alexandraalbertachiolo.com\/#organization\",\"name\":\"Alexandra Alberta Chiolo S.P.A.\",\"url\":\"https:\/\/www.alexandraalbertachiolo.com\/\",\"logo\":{\"@type\":\"ImageObject\",\"inLanguage\":\"es\",\"@id\":\"https:\/\/www.alexandraalbertachiolo.com\/#\/schema\/logo\/image\/\",\"url\":\"https:\/\/www.alexandraalbertachiolo.com\/wp-content\/uploads\/2018\/04\/collezione-bag.jpg\",\"contentUrl\":\"https:\/\/www.alexandraalbertachiolo.com\/wp-content\/uploads\/2018\/04\/collezione-bag.jpg\",\"width\":800,\"height\":800,\"caption\":\"Alexandra Alberta Chiolo S.P.A.\"},\"image\":{\"@id\":\"https:\/\/www.alexandraalbertachiolo.com\/#\/schema\/logo\/image\/\"},\"sameAs\":[\"https:\/\/www.facebook.com\/AlexandraAlbertaChiolo\",\"https:\/\/twitter.com\/AAChioloWorld\",\"https:\/\/www.instagram.com\/aachiolo\/\",\"https:\/\/www.youtube.com\/channel\/UCxHG5OVkKXlIQ6lUt51jOCA\"]}]}<\/script>\n<!-- \/ Yoast SEO plugin. -->","yoast_head_json":{"title":"Olivia Bag S - Alexandra Alberta Chiolo. Made of Happiness.","description":"Dale un toque urban chic a tus looks con la textura mate de la serie Matt. El Bolso Alexandra Alberta Chiolo est\u00e1 fabricado en Lycra acolchada impermeable, pesa solo 420 gramos y, gracias a las asas reforzadas en tejido engomado y al fondo reforzado, es s\u00faper resistente. \u00a1Elige el color de tu bolso!","robots":{"index":"index","follow":"follow","max-snippet":"max-snippet:-1","max-image-preview":"max-image-preview:large","max-video-preview":"max-video-preview:-1"},"canonical":"https:\/\/www.alexandraalbertachiolo.com\/es\/producto\/olivia-bag-s\/","og_locale":"es_ES","og_type":"article","og_title":"Olivia Bag S - Alexandra Alberta Chiolo. Made of Happiness.","og_description":"Dale un toque urban chic a tus looks con la textura mate de la serie Matt. El Bolso Alexandra Alberta Chiolo est\u00e1 fabricado en Lycra acolchada impermeable, pesa solo 420 gramos y, gracias a las asas reforzadas en tejido engomado y al fondo reforzado, es s\u00faper resistente. \u00a1Elige el color de tu bolso!","og_url":"https:\/\/www.alexandraalbertachiolo.com\/es\/producto\/olivia-bag-s\/","og_site_name":"Alexandra Alberta Chiolo. Made of Happiness.","article_publisher":"https:\/\/www.facebook.com\/AlexandraAlbertaChiolo","article_modified_time":"2023-11-23T14:16:16+00:00","og_image":[{"width":1024,"height":1024,"url":"https:\/\/www.alexandraalbertachiolo.com\/wp-content\/uploads\/AAC-OliviaM-Matt-TaigaChartreuse.jpg","type":"image\/jpeg"}],"twitter_card":"summary_large_image","twitter_site":"@AAChioloWorld","schema":{"@context":"https:\/\/schema.org","@graph":[{"@type":"WebPage","@id":"https:\/\/www.alexandraalbertachiolo.com\/es\/producto\/olivia-bag-s\/","url":"https:\/\/www.alexandraalbertachiolo.com\/es\/producto\/olivia-bag-s\/","name":"Olivia Bag S - Alexandra Alberta Chiolo. Made of Happiness.","isPartOf":{"@id":"https:\/\/www.alexandraalbertachiolo.com\/#website"},"primaryImageOfPage":{"@id":"https:\/\/www.alexandraalbertachiolo.com\/es\/producto\/olivia-bag-s\/#primaryimage"},"image":{"@id":"https:\/\/www.alexandraalbertachiolo.com\/es\/producto\/olivia-bag-s\/#primaryimage"},"thumbnailUrl":"https:\/\/www.alexandraalbertachiolo.com\/wp-content\/uploads\/20230529-AAC-OliviaS-Matt-ConchigliaAnguriaLaguna-1.jpg","datePublished":"2023-05-30T10:56:28+00:00","dateModified":"2023-11-23T14:16:16+00:00","description":"Dale un toque urban chic a tus looks con la textura mate de la serie Matt. El Bolso Alexandra Alberta Chiolo est\u00e1 fabricado en Lycra acolchada impermeable, pesa solo 420 gramos y, gracias a las asas reforzadas en tejido engomado y al fondo reforzado, es s\u00faper resistente. \u00a1Elige el color de tu bolso!","breadcrumb":{"@id":"https:\/\/www.alexandraalbertachiolo.com\/es\/producto\/olivia-bag-s\/#breadcrumb"},"inLanguage":"es","potentialAction":[{"@type":"ReadAction","target":["https:\/\/www.alexandraalbertachiolo.com\/es\/producto\/olivia-bag-s\/"]}]},{"@type":"ImageObject","inLanguage":"es","@id":"https:\/\/www.alexandraalbertachiolo.com\/es\/producto\/olivia-bag-s\/#primaryimage","url":"https:\/\/www.alexandraalbertachiolo.com\/wp-content\/uploads\/20230529-AAC-OliviaS-Matt-ConchigliaAnguriaLaguna-1.jpg","contentUrl":"https:\/\/www.alexandraalbertachiolo.com\/wp-content\/uploads\/20230529-AAC-OliviaS-Matt-ConchigliaAnguriaLaguna-1.jpg","width":1024,"height":1024},{"@type":"BreadcrumbList","@id":"https:\/\/www.alexandraalbertachiolo.com\/es\/producto\/olivia-bag-s\/#breadcrumb","itemListElement":[{"@type":"ListItem","position":1,"name":"Home","item":"https:\/\/www.alexandraalbertachiolo.com\/"},{"@type":"ListItem","position":2,"name":"Prodotti","item":"https:\/\/www.alexandraalbertachiolo.com\/modelli\/"},{"@type":"ListItem","position":3,"name":"Olivia Bag (Copia)"}]},{"@type":"WebSite","@id":"https:\/\/www.alexandraalbertachiolo.com\/#website","url":"https:\/\/www.alexandraalbertachiolo.com\/","name":"Alexandra Alberta Chiolo. Made of Happiness.","description":"Borse, zainetti, portafogli e accessori fatti di colore e pura felicit\u00e0.","publisher":{"@id":"https:\/\/www.alexandraalbertachiolo.com\/#organization"},"potentialAction":[{"@type":"SearchAction","target":{"@type":"EntryPoint","urlTemplate":"https:\/\/www.alexandraalbertachiolo.com\/?s={search_term_string}"},"query-input":"required name=search_term_string"}],"inLanguage":"es"},{"@type":"Organization","@id":"https:\/\/www.alexandraalbertachiolo.com\/#organization","name":"Alexandra Alberta Chiolo S.P.A.","url":"https:\/\/www.alexandraalbertachiolo.com\/","logo":{"@type":"ImageObject","inLanguage":"es","@id":"https:\/\/www.alexandraalbertachiolo.com\/#\/schema\/logo\/image\/","url":"https:\/\/www.alexandraalbertachiolo.com\/wp-content\/uploads\/2018\/04\/collezione-bag.jpg","contentUrl":"https:\/\/www.alexandraalbertachiolo.com\/wp-content\/uploads\/2018\/04\/collezione-bag.jpg","width":800,"height":800,"caption":"Alexandra Alberta Chiolo S.P.A."},"image":{"@id":"https:\/\/www.alexandraalbertachiolo.com\/#\/schema\/logo\/image\/"},"sameAs":["https:\/\/www.facebook.com\/AlexandraAlbertaChiolo","https:\/\/twitter.com\/AAChioloWorld","https:\/\/www.instagram.com\/aachiolo\/","https:\/\/www.youtube.com\/channel\/UCxHG5OVkKXlIQ6lUt51jOCA"]}]}},"_links":{"self":[{"href":"https:\/\/www.alexandraalbertachiolo.com\/es\/wp-json\/wp\/v2\/product\/1380457"}],"collection":[{"href":"https:\/\/www.alexandraalbertachiolo.com\/es\/wp-json\/wp\/v2\/product"}],"about":[{"href":"https:\/\/www.alexandraalbertachiolo.com\/es\/wp-json\/wp\/v2\/types\/product"}],"version-history":[{"count":0,"href":"https:\/\/www.alexandraalbertachiolo.com\/es\/wp-json\/wp\/v2\/product\/1380457\/revisions"}],"wp:featuredmedia":[{"embeddable":true,"href":"https:\/\/www.alexandraalbertachiolo.com\/es\/wp-json\/wp\/v2\/media\/1380473"}],"wp:attachment":[{"href":"https:\/\/www.alexandraalbertachiolo.com\/es\/wp-json\/wp\/v2\/media?parent=1380457"}],"wp:term":[{"taxonomy":"product_cat","embeddable":true,"href":"https:\/\/www.alexandraalbertachiolo.com\/es\/wp-json\/wp\/v2\/product_cat?post=1380457"},{"taxonomy":"product_tag","embeddable":true,"href":"https:\/\/www.alexandraalbertachiolo.com\/es\/wp-json\/wp\/v2\/product_tag?post=1380457"}],"curies":[{"name":"wp","href":"https:\/\/api.w.org\/{rel}","templated":true}]}}